{"id":284,"date":"2020-08-11T20:30:20","date_gmt":"2020-08-11T20:30:20","guid":{"rendered":"https:\/\/ilocus.fi\/kotisivu\/"},"modified":"2020-09-26T14:27:23","modified_gmt":"2020-09-26T14:27:23","slug":"kotisivu","status":"publish","type":"page","link":"https:\/\/ilocus.fi\/fi\/","title":{"rendered":"Kotisivu"},"content":{"rendered":"\n<p>ReaLife 3D<br>h4<br>3D esitykset\r<br>            Pohjakuvan\u00e4kym\u00e4t\r<br>            Nukkekotin\u00e4kym\u00e4t\r<br>            Vuorovaikuteiset n\u00e4kym\u00e4t\r<br><a class=\"button  button_size_2\" href=\"\"         title=\"\"><span class=\"button_label\">Button<\/span><\/a>\n<br>icon-docs<br>top<br><br>DronLife<br>h4<br>Videokuvaukset ilmasta<br>icon-star-line<br>top<br><br>Moderni tapa n\u00e4ytt\u00e4\u00e4 tilojasi.<br>icon<br><br>tilaa skannattu<br>490<br>+<br><br>virtuaali kokemusta<br>294<br>K+<br><br>tyytyv\u00e4ist\u00e4 asiakasta<br>50<br>+<br><br>Heading<br><h2>Katso esimerkkej\u00e4:<\/h2><br>center<br>no-repeat;center top;;<br>auto<br><br>Siirry portfolioon<br><a href=\"https:\/\/ilocus.fi\/portfolio\/\">https:\/\/ilocus.fi\/portfolio\/<\/a><br>right<br>#1e73be<br>#ffffff<br>3<br><br>16<br>date<br>DESC<br><br>Seuraa meit\u00e4<br>icon<br><br>3<br>grid<br>3<br>h2<br>date<br>DESC<br><br>Heading<br><h2> Kiinostunut iLocukseen? \u00c4l\u00e4 odota, ole yhteydess\u00e4 meihin!<\/h2><br>no-repeat;center top;;<br>auto<br>7px 0 0<br><br>Ota yhteytt\u00e4!<br><a href=\"mailto:jan.ostman@ilocus.fi\">mailto:jan.ostman@ilocus.fi<\/a><br>right<br>left<br>theme<br>3<br><br>Lis\u00e4tietoja iLocus Ltd Oy<br>line<br>Who are we?<br><br><li><span class=\"icon\"><i class=\"icon-picture\" aria-hidden=\"true\"><\/i><\/span><p><\/p><\/li>\n\r<br><li><span class=\"icon\"><i class=\"icon-picture\" aria-hidden=\"true\"><\/i><\/span><p><\/p><\/li>\n\r<br><li><span class=\"icon\"><i class=\"icon-picture\" aria-hidden=\"true\"><\/i><\/span><p><\/p><\/li>\n<br>4<br><br>20<br>default<br><br>Buttons<br><a class=\"button  button_size_2\" href=\"\"         title=\"\"><span class=\"button_label\">Button<\/span><\/a>\n\r<br><a class=\"button  button_size_2\" href=\"\"         title=\"\"><span class=\"button_label\">Button<\/span><\/a>\n<br>center<br>no-repeat;center top;;<br>auto<br><br><\/p>\n","protected":false},"excerpt":{"rendered":"<p>ReaLife 3Dh43D esitykset Pohjakuvan\u00e4kym\u00e4t Nukkekotin\u00e4kym\u00e4t Vuorovaikuteiset n\u00e4kym\u00e4t icon-docstop DronLifeh4Videokuvaukset ilmastaicon-star-linetop Moderni tapa n\u00e4ytt\u00e4\u00e4 tilojasi.icon tilaa skannattu490+ virtuaali kokemusta294K+ tyytyv\u00e4ist\u00e4 asiakasta50+ Heading Katso esimerkkej\u00e4: centerno-repeat;center top;;auto Siirry<span class=\"excerpt-hellip\"> [\u2026]<\/span><\/p>\n","protected":false},"author":1,"featured_media":0,"parent":0,"menu_order":0,"comment_status":"closed","ping_status":"closed","template":"","meta":{"content-type":"","footnotes":""},"class_list":["post-284","page","type-page","status-publish","hentry"],"yoast_head":"<!-- This site is optimized with the Yoast SEO plugin v25.1 - https:\/\/yoast.com\/wordpress\/plugins\/seo\/ -->\n<title>Kotisivu - iLocus Ltd Oy<\/title>\n<meta name=\"description\" content=\"iLocus ltd Oy on luotettava 3d-skannauspalvelun tarjooja. Tutustu esimerkkeihin 360 ja 3D sek\u00e4 VR esiteykset.\" \/>\n<meta name=\"robots\" content=\"index, follow, max-snippet:-1, max-image-preview:large, max-video-preview:-1\" \/>\n<link rel=\"canonical\" href=\"https:\/\/ilocus.fi\/fi\/\" \/>\n<meta property=\"og:locale\" content=\"fi_FI\" \/>\n<meta property=\"og:type\" content=\"article\" \/>\n<meta property=\"og:title\" content=\"Kotisivu - iLocus Ltd Oy\" \/>\n<meta property=\"og:description\" content=\"iLocus ltd Oy on luotettava 3d-skannauspalvelun tarjooja. Tutustu esimerkkeihin 360 ja 3D sek\u00e4 VR esiteykset.\" \/>\n<meta property=\"og:url\" content=\"https:\/\/ilocus.fi\/fi\/\" \/>\n<meta property=\"og:site_name\" content=\"iLocus Ltd Oy\" \/>\n<meta property=\"article:modified_time\" content=\"2020-09-26T14:27:23+00:00\" \/>\n<meta name=\"twitter:card\" content=\"summary_large_image\" \/>\n<meta name=\"twitter:label1\" content=\"Arvioitu lukuaika\" \/>\n\t<meta name=\"twitter:data1\" content=\"1 minuutti\" \/>\n<script type=\"application\/ld+json\" class=\"yoast-schema-graph\">{\"@context\":\"https:\/\/schema.org\",\"@graph\":[{\"@type\":\"WebPage\",\"@id\":\"https:\/\/ilocus.fi\/fi\/\",\"url\":\"https:\/\/ilocus.fi\/fi\/\",\"name\":\"Kotisivu - iLocus Ltd Oy\",\"isPartOf\":{\"@id\":\"https:\/\/ilocus.fi\/fi\/#website\"},\"datePublished\":\"2020-08-11T20:30:20+00:00\",\"dateModified\":\"2020-09-26T14:27:23+00:00\",\"description\":\"iLocus ltd Oy on luotettava 3d-skannauspalvelun tarjooja. Tutustu esimerkkeihin 360 ja 3D sek\u00e4 VR esiteykset.\",\"breadcrumb\":{\"@id\":\"https:\/\/ilocus.fi\/fi\/#breadcrumb\"},\"inLanguage\":\"fi\",\"potentialAction\":[{\"@type\":\"ReadAction\",\"target\":[\"https:\/\/ilocus.fi\/fi\/\"]}]},{\"@type\":\"BreadcrumbList\",\"@id\":\"https:\/\/ilocus.fi\/fi\/#breadcrumb\",\"itemListElement\":[{\"@type\":\"ListItem\",\"position\":1,\"name\":\"Home\",\"item\":\"https:\/\/ilocus.fi\/fi\/\"},{\"@type\":\"ListItem\",\"position\":2,\"name\":\"Kotisivu\"}]},{\"@type\":\"WebSite\",\"@id\":\"https:\/\/ilocus.fi\/fi\/#website\",\"url\":\"https:\/\/ilocus.fi\/fi\/\",\"name\":\"iLocus Ltd Oy\",\"description\":\"\",\"potentialAction\":[{\"@type\":\"SearchAction\",\"target\":{\"@type\":\"EntryPoint\",\"urlTemplate\":\"https:\/\/ilocus.fi\/fi\/?s={search_term_string}\"},\"query-input\":{\"@type\":\"PropertyValueSpecification\",\"valueRequired\":true,\"valueName\":\"search_term_string\"}}],\"inLanguage\":\"fi\"}]}<\/script>\n<!-- \/ Yoast SEO plugin. -->","yoast_head_json":{"title":"Kotisivu - iLocus Ltd Oy","description":"iLocus ltd Oy on luotettava 3d-skannauspalvelun tarjooja. Tutustu esimerkkeihin 360 ja 3D sek\u00e4 VR esiteykset.","robots":{"index":"index","follow":"follow","max-snippet":"max-snippet:-1","max-image-preview":"max-image-preview:large","max-video-preview":"max-video-preview:-1"},"canonical":"https:\/\/ilocus.fi\/fi\/","og_locale":"fi_FI","og_type":"article","og_title":"Kotisivu - iLocus Ltd Oy","og_description":"iLocus ltd Oy on luotettava 3d-skannauspalvelun tarjooja. Tutustu esimerkkeihin 360 ja 3D sek\u00e4 VR esiteykset.","og_url":"https:\/\/ilocus.fi\/fi\/","og_site_name":"iLocus Ltd Oy","article_modified_time":"2020-09-26T14:27:23+00:00","twitter_card":"summary_large_image","twitter_misc":{"Arvioitu lukuaika":"1 minuutti"},"schema":{"@context":"https:\/\/schema.org","@graph":[{"@type":"WebPage","@id":"https:\/\/ilocus.fi\/fi\/","url":"https:\/\/ilocus.fi\/fi\/","name":"Kotisivu - iLocus Ltd Oy","isPartOf":{"@id":"https:\/\/ilocus.fi\/fi\/#website"},"datePublished":"2020-08-11T20:30:20+00:00","dateModified":"2020-09-26T14:27:23+00:00","description":"iLocus ltd Oy on luotettava 3d-skannauspalvelun tarjooja. Tutustu esimerkkeihin 360 ja 3D sek\u00e4 VR esiteykset.","breadcrumb":{"@id":"https:\/\/ilocus.fi\/fi\/#breadcrumb"},"inLanguage":"fi","potentialAction":[{"@type":"ReadAction","target":["https:\/\/ilocus.fi\/fi\/"]}]},{"@type":"BreadcrumbList","@id":"https:\/\/ilocus.fi\/fi\/#breadcrumb","itemListElement":[{"@type":"ListItem","position":1,"name":"Home","item":"https:\/\/ilocus.fi\/fi\/"},{"@type":"ListItem","position":2,"name":"Kotisivu"}]},{"@type":"WebSite","@id":"https:\/\/ilocus.fi\/fi\/#website","url":"https:\/\/ilocus.fi\/fi\/","name":"iLocus Ltd Oy","description":"","potentialAction":[{"@type":"SearchAction","target":{"@type":"EntryPoint","urlTemplate":"https:\/\/ilocus.fi\/fi\/?s={search_term_string}"},"query-input":{"@type":"PropertyValueSpecification","valueRequired":true,"valueName":"search_term_string"}}],"inLanguage":"fi"}]}},"_links":{"self":[{"href":"https:\/\/ilocus.fi\/fi\/wp-json\/wp\/v2\/pages\/284","targetHints":{"allow":["GET"]}}],"collection":[{"href":"https:\/\/ilocus.fi\/fi\/wp-json\/wp\/v2\/pages"}],"about":[{"href":"https:\/\/ilocus.fi\/fi\/wp-json\/wp\/v2\/types\/page"}],"author":[{"embeddable":true,"href":"https:\/\/ilocus.fi\/fi\/wp-json\/wp\/v2\/users\/1"}],"replies":[{"embeddable":true,"href":"https:\/\/ilocus.fi\/fi\/wp-json\/wp\/v2\/comments?post=284"}],"version-history":[{"count":5,"href":"https:\/\/ilocus.fi\/fi\/wp-json\/wp\/v2\/pages\/284\/revisions"}],"predecessor-version":[{"id":502,"href":"https:\/\/ilocus.fi\/fi\/wp-json\/wp\/v2\/pages\/284\/revisions\/502"}],"wp:attachment":[{"href":"https:\/\/ilocus.fi\/fi\/wp-json\/wp\/v2\/media?parent=284"}],"curies":[{"name":"wp","href":"https:\/\/api.w.org\/{rel}","templated":true}]}}