{"id":291,"date":"2017-02-03T08:25:45","date_gmt":"2017-02-03T08:25:45","guid":{"rendered":"https:\/\/ilocus.fi\/about\/"},"modified":"2020-08-16T00:10:42","modified_gmt":"2020-08-16T00:10:42","slug":"meis","status":"publish","type":"page","link":"https:\/\/ilocus.fi\/fi\/meis\/","title":{"rendered":"Meist\u00e4"},"content":{"rendered":"\n<p><\/p>\n\n\n\n<p>Yristyksest\u00e4<br><h3>Yrityksest\u00e4<\/h3> <br>iLocus Ltd Oy on t\u00e4yden palvelun asiakasl\u00e4ht\u00f6inen, kansainv\u00e4linen visualisointi tuotantoyhti\u00f6. <br>Yrityksen p\u00e4\u00e4konttori sijaitsee Helsingiss\u00e4, joka koordinoi myynti\u00e4 ja markkinointia Pohjoismaissa ja Baltiassa. Yhti\u00f6 on \u00e4skett\u00e4in perustanut tyt\u00e4ryhti\u00f6n Pietariin, Ven\u00e4j\u00e4lle. Muita laajennussuunnitelmia ovat: Espanja; Kypros \/ Turkki; Kaakkois-Aasia, Intia ja L\u00e4hi-it\u00e4.<br>no-repeat;center top;;<br>auto<br><br>Mission<br><h3>Missio<\/h3> <br> Olemme sitoutuneita tarjoamaan asiakkaillemme uusinta teknologiaa jotta tiloihin ja paikkoihin voi tutustua niin realistisesti kuin mahdollista \u2018Niin todellisesti\u2026 \u2018Aivan kuin olisi paikan p\u00e4\u00e4ll\u00e4\u2019 , ja kaikkien saatavilla <br>Hy\u00f6dynn\u00e4mme viimeisint\u00e4 VR\/AR\/3D teknologiaa t\u00e4yden palvelun periaatteella. Tarjoamme asikkaillemme aivan uuden kokemuksen tutustua tiloihin ja paikkoihin. Kehitymme jatkuvasti sopeutumalla, tutkimalla ja hakemalla uusia ratkaisuja asiakkaillemme. Palvelualttius ja vuorovaikutus asiakkaiden kanssa on meille t\u00e4rkeint\u00e4 yritystoimintamme kehitt\u00e4misess\u00e4.<br>no-repeat;center top;;<br>auto<br><br>Passion<br><h3>Passion<\/h3> <br>Rakastamme ty\u00f6skennell\u00e4 ihmisten ja tilojen kanssa. <br>Donec ullamcorper nulla non metus auctor fringilla. Sed posuere consectetur est at lobortis. Morbi leo risus, porta ac consectetur ac, vestibulum at eros. Donec ullamcorper nulla non metus.<br>no-repeat;center top;;<br>auto<br><br>30<br>default<br><br>80<br>default<br>default<br><br><h3>Tutustu tiimiin<\/h3> <br>60 vuotta huippuosaamista liiketiominnasta. Viisaaita neuvoja: nuorekas eteenp\u00e4in ajattelu. Tule tutustumaan meihin hieman paremmin:<br>center<br>no-repeat;center top;;<br>auto<br><br>Jan \u00d6stman<br><img decoding=\"async\" src=\"https:\/\/ilocus.fi\/wp-content\/uploads\/2020\/08\/jan_profile.png\" alt=\"jan_profile\"><br>Myynti suomi<br>Toimitusjohtaja<br>+358 40 576 8029<br>jan.ostman@ilocus.fi<br>https:\/\/www.linkedin.com\/in\/jan-%C3%B6stman-2a2a061\/<br>vertical<br><br>Charles Voss<br><img decoding=\"async\" src=\"https:\/\/ilocus.fi\/wp-content\/uploads\/2020\/08\/charlse_profile.png\" alt=\"charlse_profile\"><br>Head of Sales International<br>Chairman of the Board<br>+7 921 966-16-68<br>charles.voss@ilocus.fi<br>https:\/\/www.linkedin.com\/in\/charles-voss-67b5aa4\/<br>vertical<br><br><h2>Palvelumme<\/h2> <br>Katso miten olemme tuoneet tilat eloon <br><a class=\"button  button_size_2\" href=\"\"         title=\"\"><span class=\"button_label\">Button<\/span><\/a>\n<br>center<br>no-repeat;center top;;<br>auto<br><br><img decoding=\"async\" src=\"https:\/\/ilocus.fi\/wp-content\/uploads\/2017\/02\/Eduskuntatalo-Riksdagshuset-SHORT-INTRO-320x240-GIF.gif\" alt=\"Eduskuntatalo-Riksdagshuset-SHORT-INTRO-320x240-GIF\"><br>thumbnail<br>center<br><br>maassa<br>3<br>+<br><br>Syvent\u00e4v\u00e4t asiakaskokemukset<br>10<br>K+<br><br>projektia<br>100<br>+<br><br>vuosien kokemus<br>4<br><br>30<br>default<br><br>80<br>default<br>default<br><br>Yrityksen aikajana<br>ILocus Ltd Oy: n historia<br>icon<br>icon-docs<br>Morbi in sem quis dui placerat ornare. Pellentesque odio nisi, euismod in, pharetra a, ultricies in, diam.<br><br>2019Next generation camera: 2018Using VR tech: 2017The first scans: 2016The Beginning: <br><\/p>\n","protected":false},"excerpt":{"rendered":"<p>Yristyksest\u00e4 Yrityksest\u00e4 iLocus Ltd Oy on t\u00e4yden palvelun asiakasl\u00e4ht\u00f6inen, kansainv\u00e4linen visualisointi tuotantoyhti\u00f6. Yrityksen p\u00e4\u00e4konttori sijaitsee Helsingiss\u00e4, joka koordinoi myynti\u00e4 ja markkinointia Pohjoismaissa ja Baltiassa. Yhti\u00f6 on<span class=\"excerpt-hellip\"> [\u2026]<\/span><\/p>\n","protected":false},"author":1,"featured_media":0,"parent":0,"menu_order":0,"comment_status":"closed","ping_status":"closed","template":"","meta":{"content-type":"","footnotes":""},"class_list":["post-291","page","type-page","status-publish","hentry"],"yoast_head":"<!-- This site is optimized with the Yoast SEO plugin v25.1 - https:\/\/yoast.com\/wordpress\/plugins\/seo\/ -->\n<title>Meist\u00e4 - iLocus Ltd Oy<\/title>\n<meta name=\"robots\" content=\"index, follow, max-snippet:-1, max-image-preview:large, max-video-preview:-1\" \/>\n<link rel=\"canonical\" href=\"https:\/\/ilocus.fi\/fi\/meis\/\" \/>\n<meta property=\"og:locale\" content=\"fi_FI\" \/>\n<meta property=\"og:type\" content=\"article\" \/>\n<meta property=\"og:title\" content=\"Meist\u00e4 - iLocus Ltd Oy\" \/>\n<meta property=\"og:description\" content=\"Yristyksest\u00e4 Yrityksest\u00e4 iLocus Ltd Oy on t\u00e4yden palvelun asiakasl\u00e4ht\u00f6inen, kansainv\u00e4linen visualisointi tuotantoyhti\u00f6. Yrityksen p\u00e4\u00e4konttori sijaitsee Helsingiss\u00e4, joka koordinoi myynti\u00e4 ja markkinointia Pohjoismaissa ja Baltiassa. Yhti\u00f6 on [\u2026]\" \/>\n<meta property=\"og:url\" content=\"https:\/\/ilocus.fi\/fi\/meis\/\" \/>\n<meta property=\"og:site_name\" content=\"iLocus Ltd Oy\" \/>\n<meta property=\"article:modified_time\" content=\"2020-08-16T00:10:42+00:00\" \/>\n<meta property=\"og:image\" content=\"https:\/\/ilocus.fi\/wp-content\/uploads\/2020\/08\/jan_profile.png\" \/>\n<meta name=\"twitter:card\" content=\"summary_large_image\" \/>\n<meta name=\"twitter:label1\" content=\"Arvioitu lukuaika\" \/>\n\t<meta name=\"twitter:data1\" content=\"1 minuutti\" \/>\n<script type=\"application\/ld+json\" class=\"yoast-schema-graph\">{\"@context\":\"https:\/\/schema.org\",\"@graph\":[{\"@type\":\"WebPage\",\"@id\":\"https:\/\/ilocus.fi\/fi\/meis\/\",\"url\":\"https:\/\/ilocus.fi\/fi\/meis\/\",\"name\":\"Meist\u00e4 - iLocus Ltd Oy\",\"isPartOf\":{\"@id\":\"https:\/\/ilocus.fi\/fi\/#website\"},\"primaryImageOfPage\":{\"@id\":\"https:\/\/ilocus.fi\/fi\/meis\/#primaryimage\"},\"image\":{\"@id\":\"https:\/\/ilocus.fi\/fi\/meis\/#primaryimage\"},\"thumbnailUrl\":\"https:\/\/ilocus.fi\/wp-content\/uploads\/2020\/08\/jan_profile.png\",\"datePublished\":\"2017-02-03T08:25:45+00:00\",\"dateModified\":\"2020-08-16T00:10:42+00:00\",\"breadcrumb\":{\"@id\":\"https:\/\/ilocus.fi\/fi\/meis\/#breadcrumb\"},\"inLanguage\":\"fi\",\"potentialAction\":[{\"@type\":\"ReadAction\",\"target\":[\"https:\/\/ilocus.fi\/fi\/meis\/\"]}]},{\"@type\":\"ImageObject\",\"inLanguage\":\"fi\",\"@id\":\"https:\/\/ilocus.fi\/fi\/meis\/#primaryimage\",\"url\":\"https:\/\/ilocus.fi\/wp-content\/uploads\/2020\/08\/jan_profile.png\",\"contentUrl\":\"https:\/\/ilocus.fi\/wp-content\/uploads\/2020\/08\/jan_profile.png\"},{\"@type\":\"BreadcrumbList\",\"@id\":\"https:\/\/ilocus.fi\/fi\/meis\/#breadcrumb\",\"itemListElement\":[{\"@type\":\"ListItem\",\"position\":1,\"name\":\"Home\",\"item\":\"https:\/\/ilocus.fi\/fi\/\"},{\"@type\":\"ListItem\",\"position\":2,\"name\":\"Meist\u00e4\"}]},{\"@type\":\"WebSite\",\"@id\":\"https:\/\/ilocus.fi\/fi\/#website\",\"url\":\"https:\/\/ilocus.fi\/fi\/\",\"name\":\"iLocus Ltd Oy\",\"description\":\"\",\"potentialAction\":[{\"@type\":\"SearchAction\",\"target\":{\"@type\":\"EntryPoint\",\"urlTemplate\":\"https:\/\/ilocus.fi\/fi\/?s={search_term_string}\"},\"query-input\":{\"@type\":\"PropertyValueSpecification\",\"valueRequired\":true,\"valueName\":\"search_term_string\"}}],\"inLanguage\":\"fi\"}]}<\/script>\n<!-- \/ Yoast SEO plugin. -->","yoast_head_json":{"title":"Meist\u00e4 - iLocus Ltd Oy","robots":{"index":"index","follow":"follow","max-snippet":"max-snippet:-1","max-image-preview":"max-image-preview:large","max-video-preview":"max-video-preview:-1"},"canonical":"https:\/\/ilocus.fi\/fi\/meis\/","og_locale":"fi_FI","og_type":"article","og_title":"Meist\u00e4 - iLocus Ltd Oy","og_description":"Yristyksest\u00e4 Yrityksest\u00e4 iLocus Ltd Oy on t\u00e4yden palvelun asiakasl\u00e4ht\u00f6inen, kansainv\u00e4linen visualisointi tuotantoyhti\u00f6. Yrityksen p\u00e4\u00e4konttori sijaitsee Helsingiss\u00e4, joka koordinoi myynti\u00e4 ja markkinointia Pohjoismaissa ja Baltiassa. Yhti\u00f6 on [\u2026]","og_url":"https:\/\/ilocus.fi\/fi\/meis\/","og_site_name":"iLocus Ltd Oy","article_modified_time":"2020-08-16T00:10:42+00:00","og_image":[{"url":"https:\/\/ilocus.fi\/wp-content\/uploads\/2020\/08\/jan_profile.png","type":"","width":"","height":""}],"twitter_card":"summary_large_image","twitter_misc":{"Arvioitu lukuaika":"1 minuutti"},"schema":{"@context":"https:\/\/schema.org","@graph":[{"@type":"WebPage","@id":"https:\/\/ilocus.fi\/fi\/meis\/","url":"https:\/\/ilocus.fi\/fi\/meis\/","name":"Meist\u00e4 - iLocus Ltd Oy","isPartOf":{"@id":"https:\/\/ilocus.fi\/fi\/#website"},"primaryImageOfPage":{"@id":"https:\/\/ilocus.fi\/fi\/meis\/#primaryimage"},"image":{"@id":"https:\/\/ilocus.fi\/fi\/meis\/#primaryimage"},"thumbnailUrl":"https:\/\/ilocus.fi\/wp-content\/uploads\/2020\/08\/jan_profile.png","datePublished":"2017-02-03T08:25:45+00:00","dateModified":"2020-08-16T00:10:42+00:00","breadcrumb":{"@id":"https:\/\/ilocus.fi\/fi\/meis\/#breadcrumb"},"inLanguage":"fi","potentialAction":[{"@type":"ReadAction","target":["https:\/\/ilocus.fi\/fi\/meis\/"]}]},{"@type":"ImageObject","inLanguage":"fi","@id":"https:\/\/ilocus.fi\/fi\/meis\/#primaryimage","url":"https:\/\/ilocus.fi\/wp-content\/uploads\/2020\/08\/jan_profile.png","contentUrl":"https:\/\/ilocus.fi\/wp-content\/uploads\/2020\/08\/jan_profile.png"},{"@type":"BreadcrumbList","@id":"https:\/\/ilocus.fi\/fi\/meis\/#breadcrumb","itemListElement":[{"@type":"ListItem","position":1,"name":"Home","item":"https:\/\/ilocus.fi\/fi\/"},{"@type":"ListItem","position":2,"name":"Meist\u00e4"}]},{"@type":"WebSite","@id":"https:\/\/ilocus.fi\/fi\/#website","url":"https:\/\/ilocus.fi\/fi\/","name":"iLocus Ltd Oy","description":"","potentialAction":[{"@type":"SearchAction","target":{"@type":"EntryPoint","urlTemplate":"https:\/\/ilocus.fi\/fi\/?s={search_term_string}"},"query-input":{"@type":"PropertyValueSpecification","valueRequired":true,"valueName":"search_term_string"}}],"inLanguage":"fi"}]}},"_links":{"self":[{"href":"https:\/\/ilocus.fi\/fi\/wp-json\/wp\/v2\/pages\/291","targetHints":{"allow":["GET"]}}],"collection":[{"href":"https:\/\/ilocus.fi\/fi\/wp-json\/wp\/v2\/pages"}],"about":[{"href":"https:\/\/ilocus.fi\/fi\/wp-json\/wp\/v2\/types\/page"}],"author":[{"embeddable":true,"href":"https:\/\/ilocus.fi\/fi\/wp-json\/wp\/v2\/users\/1"}],"replies":[{"embeddable":true,"href":"https:\/\/ilocus.fi\/fi\/wp-json\/wp\/v2\/comments?post=291"}],"version-history":[{"count":0,"href":"https:\/\/ilocus.fi\/fi\/wp-json\/wp\/v2\/pages\/291\/revisions"}],"wp:attachment":[{"href":"https:\/\/ilocus.fi\/fi\/wp-json\/wp\/v2\/media?parent=291"}],"curies":[{"name":"wp","href":"https:\/\/api.w.org\/{rel}","templated":true}]}}